{"id":3,"date":"2018-09-12T12:46:03","date_gmt":"2018-09-12T12:46:03","guid":{"rendered":"http:\/\/diggtv.no\/?page_id=3"},"modified":"2018-12-17T16:44:31","modified_gmt":"2018-12-17T16:44:31","slug":"personvernerklaering","status":"publish","type":"page","link":"https:\/\/diggtv.no\/index.php\/personvernerklaering\/","title":{"rendered":"Personvernerkl\u00e6ring"},"content":{"rendered":"\t\t<div data-elementor-type=\"wp-page\" data-elementor-id=\"3\" class=\"elementor elementor-3 elementor-bc-flex-widget\" data-elementor-post-type=\"page\">\n\t\t\t\t\t\t<section class=\"elementor-section elementor-top-section elementor-element elementor-element-0a2b96c elementor-section-height-min-height elementor-section-boxed elementor-section-height-default elementor-section-items-middle\" data-id=\"0a2b96c\" data-element_type=\"section\" data-e-type=\"section\">\n\t\t\t\t\t\t<div class=\"elementor-container elementor-column-gap-default\">\n\t\t\t\t\t<div class=\"elementor-column elementor-col-50 elementor-top-column elementor-element elementor-element-d9bf053\" data-id=\"d9bf053\" data-element_type=\"column\" data-e-type=\"column\">\n\t\t\t<div class=\"elementor-widget-wrap\">\n\t\t\t\t\t\t\t<\/div>\n\t\t<\/div>\n\t\t\t\t<div class=\"elementor-column elementor-col-50 elementor-top-column elementor-element elementor-element-b724414\" data-id=\"b724414\" data-element_type=\"column\" data-e-type=\"column\">\n\t\t\t<div class=\"elementor-widget-wrap elementor-element-populated\">\n\t\t\t\t\t\t<div class=\"elementor-element elementor-element-07fd095 elementor-widget elementor-widget-heading\" data-id=\"07fd095\" data-element_type=\"widget\" data-e-type=\"widget\" data-widget_type=\"heading.default\">\n\t\t\t\t<div class=\"elementor-widget-container\">\n\t\t\t\t\t<h2 class=\"elementor-heading-title elementor-size-default\">Personvernerkl\u00e6ring<\/h2>\t\t\t\t<\/div>\n\t\t\t\t<\/div>\n\t\t\t\t\t<\/div>\n\t\t<\/div>\n\t\t\t\t\t<\/div>\n\t\t<\/section>\n\t\t\t\t<section class=\"elementor-section elementor-top-section elementor-element elementor-element-4195899f elementor-section-boxed elementor-section-height-default elementor-section-height-default\" data-id=\"4195899f\" data-element_type=\"section\" data-e-type=\"section\">\n\t\t\t\t\t\t<div class=\"elementor-container elementor-column-gap-default\">\n\t\t\t\t\t<div class=\"elementor-column elementor-col-100 elementor-top-column elementor-element elementor-element-39fe0683\" data-id=\"39fe0683\" data-element_type=\"column\" data-e-type=\"column\">\n\t\t\t<div class=\"elementor-widget-wrap elementor-element-populated\">\n\t\t\t\t\t\t<section class=\"elementor-section elementor-inner-section elementor-element elementor-element-e1561ae elementor-section-boxed elementor-section-height-default elementor-section-height-default\" data-id=\"e1561ae\" data-element_type=\"section\" data-e-type=\"section\">\n\t\t\t\t\t\t<div class=\"elementor-container elementor-column-gap-default\">\n\t\t\t\t\t<div class=\"elementor-column elementor-col-50 elementor-inner-column elementor-element elementor-element-1cd3b8a\" data-id=\"1cd3b8a\" data-element_type=\"column\" data-e-type=\"column\">\n\t\t\t<div class=\"elementor-widget-wrap elementor-element-populated\">\n\t\t\t\t\t\t<div class=\"elementor-element elementor-element-72d7d3a elementor-nav-menu--dropdown-mobile elementor-nav-menu__text-align-aside elementor-nav-menu--toggle elementor-nav-menu--burger elementor-widget elementor-widget-nav-menu\" data-id=\"72d7d3a\" data-element_type=\"widget\" data-e-type=\"widget\" data-settings=\"{&quot;layout&quot;:&quot;horizontal&quot;,&quot;submenu_icon&quot;:{&quot;value&quot;:&quot;&lt;i class=\\&quot;fas fa-caret-down\\&quot; aria-hidden=\\&quot;true\\&quot;&gt;&lt;\\\/i&gt;&quot;,&quot;library&quot;:&quot;fa-solid&quot;},&quot;toggle&quot;:&quot;burger&quot;}\" data-widget_type=\"nav-menu.default\">\n\t\t\t\t<div class=\"elementor-widget-container\">\n\t\t\t\t\t\t\t\t<nav aria-label=\"Meny\" class=\"elementor-nav-menu--main elementor-nav-menu__container elementor-nav-menu--layout-horizontal e--pointer-none\">\n\t\t\t\t<ul id=\"menu-1-72d7d3a\" class=\"elementor-nav-menu\"><li class=\"menu-item menu-item-type-post_type menu-item-object-page menu-item-privacy-policy menu-item-295\"><a rel=\"privacy-policy\" href=\"https:\/\/diggtv.no\/index.php\/personvernerklaering\/\" class=\"elementor-item\">Personvernerkl\u00e6ring<\/a><\/li>\n<li class=\"menu-item menu-item-type-post_type menu-item-object-page menu-item-304\"><a href=\"https:\/\/diggtv.no\/index.php\/cookies\/\" class=\"elementor-item\">Cookies<\/a><\/li>\n<\/ul>\t\t\t<\/nav>\n\t\t\t\t\t<div class=\"elementor-menu-toggle\" role=\"button\" tabindex=\"0\" aria-label=\"Menu Toggle\" aria-expanded=\"false\">\n\t\t\t<i aria-hidden=\"true\" role=\"presentation\" class=\"elementor-menu-toggle__icon--open eicon-menu-bar\"><\/i><i aria-hidden=\"true\" role=\"presentation\" class=\"elementor-menu-toggle__icon--close eicon-close\"><\/i>\t\t<\/div>\n\t\t\t\t\t<nav class=\"elementor-nav-menu--dropdown elementor-nav-menu__container\" aria-hidden=\"true\">\n\t\t\t\t<ul id=\"menu-2-72d7d3a\" class=\"elementor-nav-menu\"><li class=\"menu-item menu-item-type-post_type menu-item-object-page menu-item-privacy-policy menu-item-295\"><a rel=\"privacy-policy\" href=\"https:\/\/diggtv.no\/index.php\/personvernerklaering\/\" class=\"elementor-item\" tabindex=\"-1\">Personvernerkl\u00e6ring<\/a><\/li>\n<li class=\"menu-item menu-item-type-post_type menu-item-object-page menu-item-304\"><a href=\"https:\/\/diggtv.no\/index.php\/cookies\/\" class=\"elementor-item\" tabindex=\"-1\">Cookies<\/a><\/li>\n<\/ul>\t\t\t<\/nav>\n\t\t\t\t\t\t<\/div>\n\t\t\t\t<\/div>\n\t\t\t\t\t<\/div>\n\t\t<\/div>\n\t\t\t\t<div class=\"elementor-column elementor-col-50 elementor-inner-column elementor-element elementor-element-d6445d4\" data-id=\"d6445d4\" data-element_type=\"column\" data-e-type=\"column\">\n\t\t\t<div class=\"elementor-widget-wrap elementor-element-populated\">\n\t\t\t\t\t\t<div class=\"elementor-element elementor-element-789c6247 elementor-widget elementor-widget-text-editor\" data-id=\"789c6247\" data-element_type=\"widget\" data-e-type=\"widget\" data-widget_type=\"text-editor.default\">\n\t\t\t\t<div class=\"elementor-widget-container\">\n\t\t\t\t\t\t\t\t\t<p style=\"padding-left: 30px;\"><b>Om behandlingsansvarlig<br \/><\/b>Denne personvernerkl\u00e6ringen gjelder for personopplysninger som registreres i forbindelse med bestillinger, e-post og kontaktskjema p\u00e5 nettstedet diggtv.no og play.diggtv.no. Nettstedene er det offisielle nettsiden til DiggTV.<\/p><p style=\"padding-left: 30px;\">HFC-Norway AS eier merkevaren DiggTV og er behandlingsansvarlig for personopplysninger som samles inn. V\u00e5re kontaktopplysninger er:<\/p><p style=\"padding-left: 30px;\">HFC-Norway AS<br \/>Sagaveien 64<br \/>1555 Son<\/p><p style=\"padding-left: 30px;\">E-post: personvern@hfc-norway.no<\/p><p style=\"padding-left: 30px;\">Sist endret: 7. desember 2018<\/p><ol><li><b>Form\u00e5let med \u00e5 samle inn personopplysninger<br \/><\/b>For \u00e5 kunne bestille tjeneste DiggTV Play m\u00e5 du registrere en brukerprofil, sende en e-post, benytte v\u00e5rt digitale kontaktskjema eller ringe oss. Vi trenger f\u00f8lgende informasjon for \u00e5 aktivere tjenesten; mobiltelefonnummer, boligadresse\/leveringsadresse, f\u00f8dselsdato, e-postadresse og navnet ditt. Form\u00e5let med \u00e5 behandle personopplysningene er for \u00e5 kunne oppfylle v\u00e5re avtaler med deg. Slik ivaretar vi b\u00e5de dine og v\u00e5re interesser n\u00e5r du gj\u00f8r en digital eller muntlig bestilling av v\u00e5re tjenester. Videre kan personopplysningene benyttes til \u00e5 sende deg kommunikasjon, som for eksempel en sms eller e-post om relevant informasjon om\/omkring\/rundt\u00a0 tjenesten du har bestilt av oss.<p>Behandlingen av dine personopplysninger skjer i tr\u00e5d med samtykkene du har gitt og blir behandlet i henhold til personopplysningsloven, bokf\u00f8ringsloven og eventuelle andre relevante lover.<\/p><\/li><\/ol><ol start=\"2\"><li><b>Hvilke opplysninger samles inn<br \/><\/b>HFC-Norway AS behandler personopplysninger som du har oppgitt til oss ved registrering av en brukerprofil, som navn, telefonnummer, e-postadresse, kj\u00f8nn, f\u00f8dselsdato og din postadresse. \u00d8nsker du \u00e5 endre disse opplysningene gj\u00f8r du det ved \u00e5 ta direkte kontakt med oss eller endrer dette via &laquo;min side&raquo;.<p>Vi behandler ogs\u00e5 opplysninger om din bestillingshistorikk. Dette er for eksempel tid og dato for n\u00e5r du bestilte tjenesten og hvilken produkt eller tjeneste du kj\u00f8pte.\u00a0<\/p><p>Din respons p\u00e5 generelle kampanjer, e-post og sms-utsendelser og innlogget aktivitet p\u00e5 nett og i app kan bli lagret.<\/p><\/li><\/ol><ol start=\"3\"><li><b>Hvordan vi benytter dine opplysninger<br \/><\/b>Vi benytter personopplysningene du selv har registrert, og opplysninger som oppst\u00e5r n\u00e5r du benytter deg av v\u00e5re tjenester, for \u00e5 kunne oppfylle v\u00e5re avtaler med deg. Det gjelder for eksempel tjeneste eller produkter du har bestilt i app, p\u00e5 nett eller ved direkte kontakt med oss.<p>N\u00e5r du gj\u00f8r en digital bestilling, vil du alltid motta en bekreftelse p\u00e5 SMS og\/eller e-post fra DiggTV.<\/p><p>I tr\u00e5d med dine samtykker til kommunikasjon vil DiggTV kunne sende deg tilbud og annen type m\u00e5lrettet kommunikasjon som produkter og tjenester vi mener er relevant for deg. For eksempel kan slik kommunikasjon sendes p\u00e5 SMS, e-post eller i andre digitale kanaler, som Facebook, Instagram etc.<\/p><\/li><\/ol><ol start=\"4\"><li><b>Hvem deler DiggTV opplysninger med (utlevering)<br \/><\/b>Personopplysninger som du registrerer hos DiggTV utleveres ikke til andre virksomheter eller organisasjoner uten at du har gitt et frivillig, aktivt og informert samtykke til utlevering.<\/li><\/ol><ol start=\"5\"><li><b>Hvem behandler dine personopplysninger (databehandlere og underdatabehandlere)<br \/><\/b>DiggTV benytter seg av underleverand\u00f8rer for \u00e5 kunne levere tjenesten som DiggTV p\u00e5 nett og via App. Behandlingen av dine registrerte personopplysninger reguleres av en Databehandleravtale inng\u00e5tt mellom DiggTV og underleverand\u00f8rene og opplysningene behandles i tr\u00e5d med inng\u00e5tte databehandleravtaler der sikkerheten til dine personopplysninger har f\u00f8rsteprioritet.<\/li><\/ol><ol start=\"6\"><li><b>Endringer<br \/><\/b>DiggTV kan endre samtykkevilk\u00e5r og personvernerkl\u00e6ring for \u00e5 f\u00f8lge nye rettslige krav, og p\u00e5 grunn av endringer i v\u00e5r egen praksis for innsamling og behandling av personopplysninger. Ved endringer som krever ditt samtykke vil du bli bedt om \u00e5 samtykke til nye vilk\u00e5r n\u00e5r du logger deg inn p\u00e5 din \u201cmin side\u201d.\u00a0 \u00a0\u00a0<\/li><\/ol><ol start=\"7\"><li><b>Dine rettigheter<br \/><\/b>Du kan n\u00e5r som helst kontakte oss dersom det er behov for \u00e5 redigere dine kontaktopplysninger eller om du \u00f8nsker \u00e5 trekke tilbake eller gi samtykke til kommunikasjon etter du har registret deg.<p>\u00d8nsker du \u00e5 f\u00e5 tilsendt alle personopplysninger vi har lagret om deg m\u00e5 du kontakte os direkte.<\/p><p>Dersom du vil endre opplysninger som du ikke selv kan endre ved innlogging via &laquo;min side&raquo;, m\u00e5 du ta kontakt med oss innenfor ordin\u00e6r kontortid.<\/p><p>Dersom du vil kreve at dine personopplysninger skal bli slettet, kan du kontakte oss p\u00e5 telefon eller e-post. Kontaktopplysninger finner du p\u00e5\u00a0<span style=\"color: #fcbf00;\"><a style=\"color: #fcbf00;\" href=\"\/#Kontakt-oss\">www.diggtv.no\/kontakt-oss<\/a><\/span><\/p><\/li><\/ol><ol start=\"8\"><li><b>Sletting av personopplysninger<br \/><\/b>Vi lagrer din\u00a0 kj\u00f8pshistorikk for de siste fem \u00e5rene n\u00e5r du er aktiv kunde av tjenesten DiggTV, det vil si at du har ett eller flere abonnement hos oss innenfor de siste 12 m\u00e5neder. Dersom du ikke lenger er aktiv kunde av v\u00e5re tjenester slettes dine personopplysninger og kj\u00f8pshistorikk automatisk n\u00e5r det er mer enn 36 m\u00e5neder siden siden du benyttet tjenesten sist.<p>Du kan n\u00e5r som helst be om at dine personopplysninger slettes. Det vil imidlertid bety at du m\u00e5 registrere deg p\u00e5 nytt dersom du p\u00e5 et senere tidspunkt \u00f8nsker \u00e5 bestille en tjeneste av oss.<\/p><p>Dersom du krever dataportabilitet, som er retten til \u00e5 ta med seg egne personopplysninger til en annen virksomhet, gjelder denne retten kun personopplysninger som du selv har gitt til oss. Det vil si kontaktinformasjonen din.<\/p><\/li><\/ol><ol start=\"9\"><li><b>Kundeservice<br \/><\/b>Har du sp\u00f8rsm\u00e5l om dine personopplysninger eller \u00f8nsker innsyn, ta kontakt med DiggTV innenfor ordin\u00e6r kontortid p\u00e5 telefon eller p\u00e5 e-post. Kontaktopplysninger finner du p\u00e5 <span style=\"color: #fcbf00;\"><a style=\"color: #fcbf00;\" href=\"\/#Kontakt-oss\">www.diggtv.no\/kontakt-oss<\/a><\/span><\/li><\/ol><ol start=\"10\"><li><b>Personvernombud<br \/><\/b>Har du sp\u00f8rsm\u00e5l om eller er uenig i hvordan DiggTV behandler personopplysninger, kan du sende en e-post der du beskriver hva din henvendelse gjelder. Kontaktopplysninger finner du p\u00e5\u00a0<span style=\"color: #fcbf00;\"><a style=\"color: #fcbf00;\" href=\"\/#Kontakt-oss\">www.diggtv.no\/kontakt-oss<\/a><\/span><p>Du kan klage p\u00e5 hvordan DiggTV\u00a0behandler dine personopplysninger til Datatilsynet: e-post: postkasse@datatilsynet.no , telefon: 22 39 69 00.<\/p><\/li><\/ol>\t\t\t\t\t\t\t\t<\/div>\n\t\t\t\t<\/div>\n\t\t\t\t\t<\/div>\n\t\t<\/div>\n\t\t\t\t\t<\/div>\n\t\t<\/section>\n\t\t\t\t\t<\/div>\n\t\t<\/div>\n\t\t\t\t\t<\/div>\n\t\t<\/section>\n\t\t\t\t<\/div>\n\t\t","protected":false},"excerpt":{"rendered":"<p>Personvernerkl\u00e6ring Om behandlingsansvarligDenne personvernerkl\u00e6ringen gjelder for personopplysninger som registreres i forbindelse med bestillinger, e-post og kontaktskjema p\u00e5 nettstedet diggtv.no og play.diggtv.no. Nettstedene er det offisielle nettsiden til DiggTV. HFC-Norway AS eier merkevaren DiggTV og er behandlingsansvarlig for personopplysninger som samles inn. V\u00e5re kontaktopplysninger er: HFC-Norway ASSagaveien 641555 Son E-post: personvern@hfc-norway.no Sist endret: 7. desember 2018 &#8230; <a title=\"Personvernerkl\u00e6ring\" class=\"read-more\" href=\"https:\/\/diggtv.no\/index.php\/personvernerklaering\/\" aria-label=\"Read more about Personvernerkl\u00e6ring\">Les mer<\/a><\/p>\n","protected":false},"author":1,"featured_media":0,"parent":0,"menu_order":0,"comment_status":"closed","ping_status":"open","template":"elementor_header_footer","meta":{"footnotes":""},"class_list":["post-3","page","type-page","status-publish"],"_links":{"self":[{"href":"https:\/\/diggtv.no\/index.php\/wp-json\/wp\/v2\/pages\/3","targetHints":{"allow":["GET"]}}],"collection":[{"href":"https:\/\/diggtv.no\/index.php\/wp-json\/wp\/v2\/pages"}],"about":[{"href":"https:\/\/diggtv.no\/index.php\/wp-json\/wp\/v2\/types\/page"}],"author":[{"embeddable":true,"href":"https:\/\/diggtv.no\/index.php\/wp-json\/wp\/v2\/users\/1"}],"replies":[{"embeddable":true,"href":"https:\/\/diggtv.no\/index.php\/wp-json\/wp\/v2\/comments?post=3"}],"version-history":[{"count":1,"href":"https:\/\/diggtv.no\/index.php\/wp-json\/wp\/v2\/pages\/3\/revisions"}],"predecessor-version":[{"id":468,"href":"https:\/\/diggtv.no\/index.php\/wp-json\/wp\/v2\/pages\/3\/revisions\/468"}],"wp:attachment":[{"href":"https:\/\/diggtv.no\/index.php\/wp-json\/wp\/v2\/media?parent=3"}],"curies":[{"name":"wp","href":"https:\/\/api.w.org\/{rel}","templated":true}]}}